{"id":132,"date":"2019-02-24T19:40:30","date_gmt":"2019-02-24T18:40:30","guid":{"rendered":"http:\/\/koenigsgambit.bplaced.net\/wordpress\/?page_id=132"},"modified":"2025-11-26T09:10:03","modified_gmt":"2025-11-26T08:10:03","slug":"ueber-uns","status":"publish","type":"page","link":"http:\/\/koenigsgambit.bplaced.net\/wordpress\/ueber-uns\/","title":{"rendered":"\u00dcber uns"},"content":{"rendered":"\n<h4 class=\"wp-block-heading has-text-align-center\">Ein paar Fakten \u00fcber unseren Verein<\/h4>\n\n\n\n<p class=\"has-text-align-center\">Am 25.03.2005 wurde der Schachklub K\u00f6nigsgambit Graz gegr\u00fcndet. Wir haben circa 20 Mitglieder und treffen uns meistens donnerstags in unserem Vereinslokal &#8222;<a href=\"https:\/\/www.dasliebig.at\/\" target=\"_blank\" rel=\"noreferrer noopener\">Das Liebig<\/a>&#8220; zu unserem <a href=\"http:\/\/koenigsgambit.bplaced.net\/wordpress\/vereinsabend\/\">Vereinsabend<\/a>.<br><br>Wir mischen in der Schach-Meisterschaft im Kreis Graz, und zwar in der <a href=\"https:\/\/s1.chess-results.com\/tnr1245411.aspx?lan=0\" data-type=\"link\" data-id=\"https:\/\/chess-results.com\/tnr997664.aspx?lan=0\" target=\"_blank\" rel=\"noreferrer noopener\">1. Klasse Graz <\/a>sowie in der <a href=\"https:\/\/s1.chess-results.com\/tnr1245414.aspx?lan=0\" data-type=\"link\" data-id=\"https:\/\/s1.chess-results.com\/tnr1245414.aspx?lan=0\" target=\"_blank\" rel=\"noreferrer noopener\">2. Klasse Graz<\/a>, mit. Auch im Steirischen Schachcup haben wir schon mehrmals mitgespielt.<\/p>\n\n\n\n<p class=\"has-text-align-center\">Uns wurde von sehr vielen Schachspielerinnen und Schachspielern aus Graz zum &#8222;Besten Vereinslokal&#8220; gratuliert. Bei uns geht es meist etwas pers\u00f6nlicher zu und jedes Mitglied kann in der Meisterschaft mitspielen.<\/p>\n\n\n\n<h4 class=\"wp-block-heading has-text-align-center\" id=\"mce_0\">Ehrentafel des SK K\u00f6nigsgambit Graz<\/h4>\n\n\n\n<p class=\"has-text-align-center\"><\/p>\n\n\n\n<p class=\"has-text-align-center\"><strong>Beste Platzierung in der Mannschaftsmeisterschaft<\/strong><\/p>\n\n\n\n<p class=\"has-text-align-center\">9. Platz in der Stadtliga Graz (2015\/16)<\/p>\n\n\n\n<p class=\"has-text-align-center\"><strong>Beste Platzierung im Steirischen Schachcup<\/strong><\/p>\n\n\n\n<p class=\"has-text-align-center\">im Viertelfinale (2025)<\/p>\n\n\n\n<p class=\"has-text-align-center\"><strong>Gewonnene Mannschaftsmeisterschaften<\/strong><\/p>\n\n\n\n<p class=\"has-text-align-center\">1x Meister der 1. Klasse Graz (2012\/2013)<\/p>\n\n\n\n<p class=\"has-text-align-center\">2x Meister der 2. Klasse Graz (2009\/10; 2015\/16)<\/p>\n\n\n\n<p class=\"has-text-align-center\">1x Meister der 3. Klasse Graz (2009\/2010)<\/p>\n\n\n\n<p class=\"has-text-align-center\"><strong>Vereinsmeister\/in<\/strong><\/p>\n\n\n\n<p class=\"has-text-align-center\">2008: Matthias Eder<\/p>\n\n\n\n<p class=\"has-text-align-center\">2009: Matthias Eder<\/p>\n\n\n\n<p class=\"has-text-align-center\">2010: Robert Gigerl<\/p>\n\n\n\n<p class=\"has-text-align-center\">2011: Robert Gigerl<\/p>\n\n\n\n<p class=\"has-text-align-center\">2012: Martin Schranz<\/p>\n\n\n\n<p class=\"has-text-align-center\">2014: Martin Knoll<\/p>\n\n\n\n<p class=\"has-text-align-center\">2015: Martin Knoll<\/p>\n\n\n\n<p class=\"has-text-align-center\">2016: Martin Knoll<\/p>\n\n\n\n<p class=\"has-text-align-center\">2019: Hannah Sommer<\/p>\n\n\n\n<p class=\"has-text-align-center\">2020: Martin Schranz<\/p>\n\n\n\n<p class=\"has-text-align-center\"><strong>Sieger\/in des Sommerblitzturniers<\/strong><\/p>\n\n\n\n<p class=\"has-text-align-center\"><a aria-label=\"2012 (\u00f6ffnet in neuem Tab)\" href=\"http:\/\/chess-results.com\/tnr79321.aspx?lan=0&amp;art=1\" target=\"_blank\" rel=\"noreferrer noopener\">2012<\/a>: NM Gernot Spindelb\u00f6ck<\/p>\n\n\n\n<p class=\"has-text-align-center\"><a aria-label=\"2013 (\u00f6ffnet in neuem Tab)\" href=\"http:\/\/chess-results.com\/tnr107725.aspx?lan=0&amp;art=1\" target=\"_blank\" rel=\"noreferrer noopener\">2013<\/a>: Gerald Almer<\/p>\n\n\n\n<p class=\"has-text-align-center\"><a aria-label=\"2014 (\u00f6ffnet in neuem Tab)\" href=\"http:\/\/chess-results.com\/tnr141553.aspx?lan=0&amp;art=1\" target=\"_blank\" rel=\"noreferrer noopener\">2014<\/a>: FM Gert Schnider<\/p>\n\n\n\n<p class=\"has-text-align-center\"><a aria-label=\"2015 (\u00f6ffnet in neuem Tab)\" href=\"http:\/\/chess-results.com\/tnr182340.aspx?lan=0&amp;art=1\" target=\"_blank\" rel=\"noreferrer noopener\">2015<\/a>: FM Robert Perhinig<\/p>\n\n\n\n<p class=\"has-text-align-center\"><a aria-label=\"2016 (\u00f6ffnet in neuem Tab)\" href=\"http:\/\/chess-results.com\/tnr233152.aspx?lan=0&amp;art=1\" target=\"_blank\" rel=\"noreferrer noopener\">2016<\/a>: IM Peter Schreiner<\/p>\n\n\n\n<p class=\"has-text-align-center\"><a aria-label=\"2017 (\u00f6ffnet in neuem Tab)\" href=\"http:\/\/chess-results.com\/tnr295641.aspx?lan=0&amp;art=1\" target=\"_blank\" rel=\"noreferrer noopener\">2017<\/a>: FM Robert Perhinig<\/p>\n\n\n\n<p class=\"has-text-align-center\"><a aria-label=\"2018 (\u00f6ffnet in neuem Tab)\" href=\"http:\/\/chess-results.com\/tnr369744.aspx?lan=0&amp;art=1\" target=\"_blank\" rel=\"noreferrer noopener\">2018<\/a>: FM Robert Perhinig<\/p>\n\n\n\n<p class=\"has-text-align-center\"><a aria-label=\"2019 (\u00f6ffnet in neuem Tab)\" href=\"http:\/\/chess-results.com\/tnr468999.aspx?lan=0&amp;art=1\" target=\"_blank\" rel=\"noreferrer noopener\">2019<\/a>: FM Fred Wegerer<\/p>\n\n\n\n<p class=\"has-text-align-center\"><a href=\"https:\/\/chess-results.com\/tnr1175726.aspx?lan=0\" target=\"_blank\" rel=\"noreferrer noopener\">2025<\/a>: Matthias Eder<\/p>\n","protected":false},"excerpt":{"rendered":"<p>Ein paar Fakten \u00fcber unseren Verein Am 25.03.2005 wurde der Schachklub K\u00f6nigsgambit Graz gegr\u00fcndet. Wir haben circa 20 Mitglieder und treffen uns meistens donnerstags in unserem Vereinslokal &#8222;Das Liebig&#8220; zu unserem Vereinsabend. Wir mischen in der Schach-Meisterschaft im Kreis Graz, und zwar in der 1. Klasse Graz sowie in der 2. Klasse Graz, mit. Auch &hellip; <\/p>\n<p class=\"link-more\"><a href=\"http:\/\/koenigsgambit.bplaced.net\/wordpress\/ueber-uns\/\" class=\"more-link\"><span class=\"screen-reader-text\">\u201e\u00dcber uns\u201c<\/span> weiterlesen<\/a><\/p>\n","protected":false},"author":1,"featured_media":0,"parent":0,"menu_order":0,"comment_status":"closed","ping_status":"closed","template":"","meta":{"footnotes":""},"class_list":["post-132","page","type-page","status-publish","hentry"],"_links":{"self":[{"href":"http:\/\/koenigsgambit.bplaced.net\/wordpress\/wp-json\/wp\/v2\/pages\/132","targetHints":{"allow":["GET"]}}],"collection":[{"href":"http:\/\/koenigsgambit.bplaced.net\/wordpress\/wp-json\/wp\/v2\/pages"}],"about":[{"href":"http:\/\/koenigsgambit.bplaced.net\/wordpress\/wp-json\/wp\/v2\/types\/page"}],"author":[{"embeddable":true,"href":"http:\/\/koenigsgambit.bplaced.net\/wordpress\/wp-json\/wp\/v2\/users\/1"}],"replies":[{"embeddable":true,"href":"http:\/\/koenigsgambit.bplaced.net\/wordpress\/wp-json\/wp\/v2\/comments?post=132"}],"version-history":[{"count":34,"href":"http:\/\/koenigsgambit.bplaced.net\/wordpress\/wp-json\/wp\/v2\/pages\/132\/revisions"}],"predecessor-version":[{"id":813,"href":"http:\/\/koenigsgambit.bplaced.net\/wordpress\/wp-json\/wp\/v2\/pages\/132\/revisions\/813"}],"wp:attachment":[{"href":"http:\/\/koenigsgambit.bplaced.net\/wordpress\/wp-json\/wp\/v2\/media?parent=132"}],"curies":[{"name":"wp","href":"https:\/\/api.w.org\/{rel}","templated":true}]}}