{"id":24,"date":"2019-02-19T10:54:12","date_gmt":"2019-02-19T09:54:12","guid":{"rendered":"http:\/\/koenigsgambit.bplaced.net\/wordpress\/?page_id=24"},"modified":"2023-06-19T10:48:34","modified_gmt":"2023-06-19T08:48:34","slug":"vereinsgeschichte","status":"publish","type":"page","link":"http:\/\/koenigsgambit.bplaced.net\/wordpress\/vereinsgeschichte\/","title":{"rendered":"Vereinsgeschichte"},"content":{"rendered":"\n<p class=\"has-text-align-center\">Im Sommer 2004 haben die Vereinsgr\u00fcnder (Richard\nHartner, Jochen Sch\u00f6nberger und Matthias Pregartner) das faszinierende Spiel\nder K\u00f6nige &#8211; &#8222;Schach&#8220; &#8211; entdeckt.<\/p>\n\n\n\n<p class=\"has-text-align-center\">Beim Provianteinkauf f\u00fcr unseren Urlaub haben wir\nein kleines Reiseschach gefunden und es als &#8222;Fahrzeit-\u00dcberbr\u00fcckung&#8220;\nund &#8222;Strand-Besch\u00e4ftigung&#8220; gekauft. Zu dem Zeitpunkt wussten wir noch\nnichts \u00fcber Bauerumwandlungen, das Rochieren, geschweige denn etwas \u00fcber das\n&#8222;en passant&#8220;-Schlagen.<\/p>\n\n\n\n<p class=\"has-text-align-center\">Doch in diesem Urlaub ist die Neugierde zur Sucht\ngeworden. Wieder zu Hause, haben wir begonnen, uns n\u00e4her mit Schach zu\nbesch\u00e4ftigen und uns regelm\u00e4\u00dfig zu Schachabenden zu treffen. Bald kamen immer\nmehr Freunde und Bekannte.<\/p>\n\n\n\n<p class=\"has-text-align-center\">Da die meisten Grazer Schachvereine unserer\nMeinung nach \u00fcberf\u00fcllt sind, ist es nicht weiter verwunderlich, dass wir am\n25.03.2005 den Entschluss gefasst haben, unsere Gruppe als neuen Verein\nanzumelden.<\/p>\n\n\n\n<p class=\"has-text-align-center\">Es war nicht schwer einen Namen zu finden, da wir\nbevorzugt mit der K\u00f6nigsgambiter\u00f6ffnung unsere Neuzug\u00e4nge\n&#8222;begr\u00fc\u00dften&#8220;.<\/p>\n\n\n\n<p class=\"has-text-align-center\">Bei unserer ersten Generalversammlung am\n05.05.2005 wurde Richard Hartner zum Vorsitzenden, Jochen Sch\u00f6nberger zum\nKassier und Markus Trillsam zum Schriftf\u00fchrer gew\u00e4hlt.<\/p>\n\n\n\n<p class=\"has-text-align-center\">Es dauerte dann noch einige Zeit bis wir ein Vereinslokal fanden, das unseren Vorstellungen entsprach, alle Materialien zusammen hatten und den Mut aufbrachten, uns der \u00d6ffentlichkeit zu pr\u00e4sentieren. Seit Dezember 2005 ist unsere Homepage online und am 26.01.2006 fand unser erster offizieller Vereinsabend &#8211; damals noch in den &#8222;3 goldenen Kugeln&#8220; am Riesplatz 1 &#8211; statt.<\/p>\n\n\n\n<p class=\"has-text-align-center\">Danach hat sich der Vorstand ein wenig ver\u00e4ndert\nund erweitert. Bei unserer zweiten Generalversammlung am 03.05.2006 wurden\nRichard Hartner und Jochen Sch\u00f6nberger f\u00fcr eine weitere Periode wiedergew\u00e4hlt.\nNeu dazu kamen Christian Vajda als stellvertretender Vorsitzender, Matthias\nPregartner als neuer Schriftf\u00fchrer und Theodor Kranz als stellvertretender Kassier.<\/p>\n\n\n\n<p class=\"has-text-align-center\">Im Herbst 2006 trafen wir die Entscheidung, in\ndie Schachmeisterschaft (3. Klasse Graz) einzusteigen. In unserem Deb\u00fctjahr\nkonnten wir unter acht Mannschaften den beachtlichen dritten Platz erringen.<\/p>\n\n\n\n<p class=\"has-text-align-center\">Am 14.06.2007 hat unsere dritte Generalversammlung stattgefunden; dabei wurden Richard Hartner als Vorsitzender und Jochen Sch\u00f6nberger als Kassier abermals gew\u00e4hlt. Matthias Pregartner r\u00fcckte zum stellvertretenden Vorsitzenden auf, w\u00e4hrend Eva-Maria Duller dessen fr\u00fchere Funktion als Schriftf\u00fchrerin \u00fcbernahm. Martin Schranz komplettierte damals als stellvertretender Kassier den neu zusammengesetzten Vorstand des Vereins.<\/p>\n\n\n\n<p class=\"has-text-align-center\">Durch einen \u00fcberraschenden Mitgliederzuwachs vom\nFC Donald St. Ruprecht, welcher sich aufgel\u00f6st hat, konnten wir im Herbst 2007\nerstmals mit zwei Mannschaften an der Meisterschaft teilnehmen. Unsere\nMannschaft in der 2. Klasse Graz schrammte knapp am Aufstieg vorbei und\nerreichte den hervorragenden vierten Platz, w\u00e4hrend unsere Mannschaft in der 3.\nKlasse Graz aufgrund des personellen Aderlasses in die andere Mannschaft die\nVorjahreserfolge nicht wiederholen konnte, aber mit dem 6. Platz dennoch im\nMittelfeld landete.<\/p>\n\n\n\n<p class=\"has-text-align-center\">Am 29.05.2008 fand unsere vierte Generalversammlung statt, bei welcher der Vereinsgr\u00fcnder und langj\u00e4hrige Vorsitzende Richard Hartner nicht mehr f\u00fcr den Vorstand kandidierte, um sich in Zukunft mit ganzer Kraft seiner Firma zu widmen. F\u00fcr seine Verdienste wurde Richard bei der Generalversammlung zum ersten Ehrenmitglied des Vereins ernannt. Was den neuen Vorstand betrifft, so wurde der fr\u00fchere Kassier Jochen Sch\u00f6nberger neuer Vorsitzender und Robert Gigerl sein Stellvertreter. Martin Schranz \u00fcbernahm nun die Kassiersagenden und Rainer Kammerhofer wurde zu seinem Stellvertreter gew\u00e4hlt. Neuer Schriftf\u00fchrer wurde Martin Sch\u00f6nberger, der schon bisher als Bibliothekar seine F\u00e4higkeiten unter Beweis stellen konnte.<\/p>\n\n\n\n<p class=\"has-text-align-center\">Die Saison 2009\/10 wurde ein absolutes Highlight\nin sportlicher Hinsicht: wir konnten zum ersten Mal den Meistertitel in der 2.\nKlasse Graz und in der 3. Klasse Graz erobern.<\/p>\n\n\n\n<p class=\"has-text-align-center\">Da es Jochen Sch\u00f6nberger nach Abschluss seines\nJus-Studiums beruflich zun\u00e4chst nach St. P\u00f6lten verschlagen hatte, kandidierte\ner bei der Generalversammlung am 18.06.2010 nicht mehr als Vorsitzender. An\nseiner Stelle \u00fcbernahm sein Bruder Martin den Vorsitz und leitete danach acht\nJahre lang die Geschicke des Vereins.<\/p>\n\n\n\n<p class=\"has-text-align-center\">In der Saison 2012\/13 gelang der bislang gr\u00f6\u00dfte\nErfolg der Vereinsgeschichte, und zwar der Meistertitel in der 1. Klasse Graz,\nder f\u00fcr uns den erstmaligen Aufstieg in die Stadtliga bedeutete.<\/p>\n\n\n\n<p class=\"has-text-align-center\">Nach mehreren Jahren als Vorsitzender hat Martin\nSch\u00f6nberger bei der Generalversammlung am 17.05.2018 auf eigenen Wunsch nicht\nmehr f\u00fcr den Vereinsvorstand kandidiert. Zum neuen Vorsitzenden wurde Jochen\nSch\u00f6nberger gew\u00e4hlt, der seit 2014 wieder in Graz arbeitet und K\u00f6nigsgambit\nGraz schon seit der Gr\u00fcndung des Vereins die Treue h\u00e4lt.<\/p>\n\n\n\n<p class=\"has-text-align-center\">Wir hoffen, dass noch viele, die Spa\u00df am\nSchachspielen haben, Anf\u00e4nger\/innen, Fortgeschrittene, Profis sind oder Schach\n\u00fcberhaupt erst lernen wollen, aktiv beim Aufbau eines Vereines mitwirken\nm\u00f6chten oder einfach hin und wieder sich mit anderen Schachspielern treffen\nwollen, zu uns sto\u00dfen werden.<\/p>\n\n\n\n<p class=\"has-text-align-center\">Der Vollst\u00e4ndigkeit halber sei hier noch die\nK\u00f6nigsgambit &#8211; Er\u00f6ffnung erw\u00e4hnt:<\/p>\n\n\n\n<p class=\"has-text-align-center\">1. e2-e4 e7-e5<\/p>\n\n\n\n<p class=\"has-text-align-center\">2. f2-f4<\/p>\n\n\n\n<figure class=\"wp-block-image size-full is-resized\"><img loading=\"lazy\" decoding=\"async\" src=\"http:\/\/koenigsgambit.bplaced.net\/wordpress\/wp-content\/uploads\/2021\/12\/Koenigsgambit.gif\" alt=\"\" class=\"wp-image-465\" width=\"594\" height=\"594\"\/><\/figure>\n\n\n\n<h4 class=\"wp-block-heading has-text-align-center\" id=\"mce_0\">Liste aller Vorsitzenden seit der Gr\u00fcndung unseres Vereins<\/h4>\n\n\n\n<figure class=\"wp-block-table aligncenter is-style-regular\"><table><tbody><tr><td>Richard Hartner<\/td><td>05.05.2005 &#8211; 28.05.2008<\/td><\/tr><tr><td>Jochen Sch\u00f6nberger<\/td><td>29.05.2008 &#8211; 17.06.2010<\/td><\/tr><tr><td>Martin Sch\u00f6nberger<\/td><td>18.06.2010 &#8211; 16.05.2018<\/td><\/tr><tr><td>Mag. Jochen Sch\u00f6nberger<\/td><td>17.05.2018 &#8211; laufend<\/td><\/tr><\/tbody><\/table><\/figure>\n\n\n\n<h4 class=\"wp-block-heading has-text-align-center\"><strong>Liste aller Klublokale seit der Gr\u00fcndung unseres Vereins<\/strong><\/h4>\n\n\n\n<figure class=\"wp-block-table aligncenter\"><table><tbody><tr><td>Zu den 3 goldenen Kugeln, Riesplatz 1, 8036 Graz<\/td><td>26.01.2006 &#8211; Ende der Saison 2009\/10<\/td><\/tr><tr><td>Gasthaus zur Endstation, Conrad-von-H\u00f6tzendorf-Stra\u00dfe 170, 8041 Graz<\/td><td>Saison 2010\/11<\/td><\/tr><tr><td>Gasthof Gehringer, Keplerstra\u00dfe 33, 8020 Graz<\/td><td>Saison 2011\/12 &#8211; Ende Mai 2023<\/td><\/tr><tr><td>Das Liebig, Liebiggasse 2,  8010 Graz<\/td><td>Juni 2023 &#8211; laufend<\/td><\/tr><\/tbody><\/table><\/figure>\n","protected":false},"excerpt":{"rendered":"<p>Im Sommer 2004 haben die Vereinsgr\u00fcnder (Richard Hartner, Jochen Sch\u00f6nberger und Matthias Pregartner) das faszinierende Spiel der K\u00f6nige &#8211; &#8222;Schach&#8220; &#8211; entdeckt. Beim Provianteinkauf f\u00fcr unseren Urlaub haben wir ein kleines Reiseschach gefunden und es als &#8222;Fahrzeit-\u00dcberbr\u00fcckung&#8220; und &#8222;Strand-Besch\u00e4ftigung&#8220; gekauft. Zu dem Zeitpunkt wussten wir noch nichts \u00fcber Bauerumwandlungen, das Rochieren, geschweige denn etwas \u00fcber &hellip; <\/p>\n<p class=\"link-more\"><a href=\"http:\/\/koenigsgambit.bplaced.net\/wordpress\/vereinsgeschichte\/\" class=\"more-link\"><span class=\"screen-reader-text\">\u201eVereinsgeschichte\u201c<\/span> weiterlesen<\/a><\/p>\n","protected":false},"author":1,"featured_media":0,"parent":0,"menu_order":0,"comment_status":"closed","ping_status":"closed","template":"","meta":{"footnotes":""},"class_list":["post-24","page","type-page","status-publish","hentry"],"_links":{"self":[{"href":"http:\/\/koenigsgambit.bplaced.net\/wordpress\/wp-json\/wp\/v2\/pages\/24","targetHints":{"allow":["GET"]}}],"collection":[{"href":"http:\/\/koenigsgambit.bplaced.net\/wordpress\/wp-json\/wp\/v2\/pages"}],"about":[{"href":"http:\/\/koenigsgambit.bplaced.net\/wordpress\/wp-json\/wp\/v2\/types\/page"}],"author":[{"embeddable":true,"href":"http:\/\/koenigsgambit.bplaced.net\/wordpress\/wp-json\/wp\/v2\/users\/1"}],"replies":[{"embeddable":true,"href":"http:\/\/koenigsgambit.bplaced.net\/wordpress\/wp-json\/wp\/v2\/comments?post=24"}],"version-history":[{"count":11,"href":"http:\/\/koenigsgambit.bplaced.net\/wordpress\/wp-json\/wp\/v2\/pages\/24\/revisions"}],"predecessor-version":[{"id":763,"href":"http:\/\/koenigsgambit.bplaced.net\/wordpress\/wp-json\/wp\/v2\/pages\/24\/revisions\/763"}],"wp:attachment":[{"href":"http:\/\/koenigsgambit.bplaced.net\/wordpress\/wp-json\/wp\/v2\/media?parent=24"}],"curies":[{"name":"wp","href":"https:\/\/api.w.org\/{rel}","templated":true}]}}