{"id":27,"date":"2024-01-12T09:00:00","date_gmt":"2024-01-12T08:00:00","guid":{"rendered":"http:\/\/koenigsgambit.bplaced.net\/wordpress\/?page_id=27"},"modified":"2024-01-12T16:20:39","modified_gmt":"2024-01-12T15:20:39","slug":"vorstand","status":"publish","type":"page","link":"http:\/\/koenigsgambit.bplaced.net\/wordpress\/vorstand\/","title":{"rendered":"Vorstand"},"content":{"rendered":"\n<p>Mag. Jochen Sch\u00f6nberger (Vorsitzender)<\/p>\n\n\n\n<p>Kristjan Klasinc (stv. Vorsitzender)<\/p>\n\n\n\n<p>Mag.<sup>a<\/sup> Hannah Sommer (Kassierin)<\/p>\n\n\n\n<p>Dr. Martin K\u00f6stenberger (stv. Kassier)<\/p>\n\n\n\n<p>Mag. (FH) Clemens Ticar (Schriftf\u00fchrer)<\/p>\n","protected":false},"excerpt":{"rendered":"<p>Mag. Jochen Sch\u00f6nberger (Vorsitzender) Kristjan Klasinc (stv. Vorsitzender) Mag.a Hannah Sommer (Kassierin) Dr. Martin K\u00f6stenberger (stv. Kassier) Mag. (FH) Clemens Ticar (Schriftf\u00fchrer)<\/p>\n","protected":false},"author":1,"featured_media":0,"parent":0,"menu_order":0,"comment_status":"closed","ping_status":"closed","template":"","meta":{"footnotes":""},"class_list":["post-27","page","type-page","status-publish","hentry"],"_links":{"self":[{"href":"http:\/\/koenigsgambit.bplaced.net\/wordpress\/wp-json\/wp\/v2\/pages\/27","targetHints":{"allow":["GET"]}}],"collection":[{"href":"http:\/\/koenigsgambit.bplaced.net\/wordpress\/wp-json\/wp\/v2\/pages"}],"about":[{"href":"http:\/\/koenigsgambit.bplaced.net\/wordpress\/wp-json\/wp\/v2\/types\/page"}],"author":[{"embeddable":true,"href":"http:\/\/koenigsgambit.bplaced.net\/wordpress\/wp-json\/wp\/v2\/users\/1"}],"replies":[{"embeddable":true,"href":"http:\/\/koenigsgambit.bplaced.net\/wordpress\/wp-json\/wp\/v2\/comments?post=27"}],"version-history":[{"count":5,"href":"http:\/\/koenigsgambit.bplaced.net\/wordpress\/wp-json\/wp\/v2\/pages\/27\/revisions"}],"predecessor-version":[{"id":656,"href":"http:\/\/koenigsgambit.bplaced.net\/wordpress\/wp-json\/wp\/v2\/pages\/27\/revisions\/656"}],"wp:attachment":[{"href":"http:\/\/koenigsgambit.bplaced.net\/wordpress\/wp-json\/wp\/v2\/media?parent=27"}],"curies":[{"name":"wp","href":"https:\/\/api.w.org\/{rel}","templated":true}]}}